{"id":164,"date":"2019-09-19T14:58:21","date_gmt":"2019-09-19T12:58:21","guid":{"rendered":"http:\/\/rumovedegustacie.sk\/?page_id=164"},"modified":"2020-02-28T14:52:47","modified_gmt":"2020-02-28T13:52:47","slug":"rumovy-klub","status":"publish","type":"page","link":"https:\/\/rumovedegustacie.sk\/index.php\/rumovy-klub\/","title":{"rendered":"Rumov\u00fd klub"},"content":{"rendered":"\n<p class=\"has-text-color has-text-align-center has-medium-font-size has-luminous-vivid-orange-color\"><strong>Bu\u010fte s\u00fa\u010das\u0165ou prv\u00e9ho rumov\u00e9ho klubu na Slovensku.<\/strong><\/p>\n\n\n\n<p><strong>Mil\u00e1 fan\u00fa\u0161i\u010dka, mil\u00fd fan\u00fa\u0161ik rumu! <br><\/strong>Dovo\u013ete, aby sme V\u00e1s pozvali do <strong>rumov\u00e9ho klubu<\/strong>. Sta\u010d\u00ed ak sa pomocou emailovej adresy prihl\u00e1site a m\u00f4\u017eete si u\u017e\u00edva\u0165 v\u00fdhody, ktor\u00e9 V\u00e1m z klubu plyn\u00fa! <\/p>\n\n\n\n<p>Inform\u00e1cie, ktor\u00e9 budete do emailovej schr\u00e1nky dost\u00e1va\u0165 bud\u00fa v\u017edy relevantn\u00e9 s origin\u00e1lnym obsahom. Frekvencia rozosielania bude primeran\u00e1, pravidelne nepravideln\u00e1. Nechceme v\u00e1s z\u00e1sobova\u0165 ve\u013ek\u00fdm mno\u017estvom spr\u00e1v, ktor\u00e9 ani neotvor\u00edte. Chceme, aby ste sa na spr\u00e1vy od n\u00e1s te\u0161ili a v\u017edy ich so z\u00e1ujmom otv\u00e1rali. <\/p>\n\n\n\n<h2 class=\"wp-block-heading\">\u010co z\u00edskam pridan\u00edm sa do klubu? <\/h2>\n\n\n\n<ul><li>Zauj\u00edmav\u00e9 \u010dl\u00e1nky zo sveta rumov a inform\u00e1cie o rumov\u00fdch degust\u00e1ci\u00e1ch<\/li><li>Video recenzie na rumy, ktor\u00e9 stoja za ochutnanie<\/li><li>Zv\u00fdhodnen\u00e9 ponuky na rumy od na\u0161ich partnerov<\/li><li>Zv\u00fdhodnen\u00fa cenu na ka\u017ed\u00fa na\u0161u degust\u00e1ciu<\/li><li>Pr\u00eds\u013eub na roz\u0161irovanie v\u00fdhod rumov\u00e9ho klubu<\/li><\/ul>\n\n\n\n<!-- Begin Mailchimp Signup Form -->\n<link href=\"\/\/cdn-images.mailchimp.com\/embedcode\/horizontal-slim-10_7.css\" rel=\"stylesheet\" type=\"text\/css\">\n<style type=\"text\/css\">\n\t#mc_embed_signup{background:transparent; clear:left; font:14px Helvetica,Arial,sans-serif; width:100%;}\n\t#mc_embed_signup .button {background:#d9534f;} \n\t#mc_embed_signup .button:hover {background:#2287de;}\n\t\/* Add your own Mailchimp form style overrides in your site stylesheet or in this style block.\n\t   We recommend moving this block and the preceding CSS link to the HEAD of your HTML file. *\/\n<\/style>\n<div id=\"mc_embed_signup\">\n<form action=\"https:\/\/rumovedegustacie.us20.list-manage.com\/subscribe\/post?u=d821d63553c1a3cf32ab625e8&amp;id=b30e6c1c8d\" method=\"post\" id=\"mc-embedded-subscribe-form\" name=\"mc-embedded-subscribe-form\" class=\"validate\" target=\"_blank\" novalidate=\"\">\n    <div id=\"mc_embed_signup_scroll\">\n\t<label for=\"mce-EMAIL\">Prihl\u00e1si\u0165 sa do Rumov\u00e9ho klubu<\/label>\n\t<input type=\"email\" value=\"\" name=\"EMAIL\" class=\"email\" id=\"mce-EMAIL\" placeholder=\"vas@email.sk\" required=\"\">\n    <!-- real people should not fill this in and expect good things - do not remove this or risk form bot signups-->\n    <div style=\"position: absolute; left: -5000px;\" aria-hidden=\"true\"><input type=\"text\" name=\"b_d821d63553c1a3cf32ab625e8_b30e6c1c8d\" tabindex=\"-1\" value=\"\"><\/div>\n    <div class=\"clear\"><input type=\"submit\" value=\"Prihl\u00e1si\u0165 sa do klubu\" name=\"subscribe\" id=\"mc-embedded-subscribe\" class=\"button\" onclick=\"__gaTracker('email', 'subscribed', 'rumbklub');\"><\/div>\n    <\/div>\n<\/form>\n<\/div>\n\n<!--End mc_embed_signup-->\n\n\n\n<h2 class=\"wp-block-heading\">Najbli\u017e\u0161ia rumov\u00e1 degust\u00e1cia a sekcia blog<\/h2>\n\n\n\n<p>Prijmite pozvanie do sekcie <a href=\"\/index.php\/category\/planovane-degustacie\/\">pl\u00e1novan\u00fdch degust\u00e1ci\u00ed<\/a> a n\u00e1jdite term\u00edn degust\u00e1cie, ktor\u00fd v\u00e1m vyhovuje najviac. Budeme radi ak s nami str\u00e1vite \u010fal\u0161iu min\u00fatu \u010di dve. Z\u00e1jdite do <a href=\"\/index.php\/category\/blog\">rum <\/a><a href=\"\/index.php\/category\/rum-blog\">blogu<\/a> a pre\u010d\u00edtajte si na\u0161e \u010dl\u00e1nky.<\/p>\n\n\n\n<figure class=\"wp-block-image size-large\"><img decoding=\"async\" loading=\"lazy\" width=\"990\" height=\"660\" src=\"https:\/\/rumovedegustacie.sk\/wp-content\/uploads\/2020\/01\/rum_klub.jpg\" alt=\"Rumov\u00fd klub s ko\u017een\u00fdmi kreslami, obrazmi a svie\u010dkami.\" class=\"wp-image-400\" srcset=\"https:\/\/rumovedegustacie.sk\/wp-content\/uploads\/2020\/01\/rum_klub.jpg 990w, https:\/\/rumovedegustacie.sk\/wp-content\/uploads\/2020\/01\/rum_klub-300x200.jpg 300w, https:\/\/rumovedegustacie.sk\/wp-content\/uploads\/2020\/01\/rum_klub-768x512.jpg 768w\" sizes=\"(max-width: 990px) 100vw, 990px\" \/><figcaption>Aj takto by sa dala op\u00edsa\u0165 pohoda v na\u0161om rumovom klube. Jedn\u00e9ho d\u0148a vo ve\u013emi podobn\u00fdch priestoroch. A to iba v\u010faka v\u00e1m!<\/figcaption><\/figure>\n","protected":false},"excerpt":{"rendered":"<p>Bu\u010fte s\u00fa\u010das\u0165ou prv\u00e9ho rumov\u00e9ho klubu na Slovensku. Mil\u00e1 fan\u00fa\u0161i\u010dka, mil\u00fd fan\u00fa\u0161ik rumu! Dovo\u013ete, aby sme V\u00e1s pozvali do rumov\u00e9ho klubu. Sta\u010d\u00ed ak sa pomocou emailovej adresy prihl\u00e1site a m\u00f4\u017eete si u\u017e\u00edva\u0165 v\u00fdhody, ktor\u00e9 V\u00e1m z klubu plyn\u00fa! Inform\u00e1cie, ktor\u00e9 budete do emailovej schr\u00e1nky dost\u00e1va\u0165 bud\u00fa v\u017edy relevantn\u00e9 s origin\u00e1lnym obsahom. Frekvencia rozosielania bude primeran\u00e1, pravidelne [&hellip;]<\/p>\n","protected":false},"author":1,"featured_media":0,"parent":0,"menu_order":0,"comment_status":"closed","ping_status":"closed","template":"","meta":{"_mi_skip_tracking":false,"_monsterinsights_sitenote_active":false,"_monsterinsights_sitenote_note":"","_monsterinsights_sitenote_category":0,"ngg_post_thumbnail":0,"footnotes":""},"yoast_head":"<!-- This site is optimized with the Yoast SEO plugin v21.0 - https:\/\/yoast.com\/wordpress\/plugins\/seo\/ -->\n<title>Rumov\u00fd klub - Rumov\u00e9 degust\u00e1cie<\/title>\n<meta name=\"description\" content=\"Pote\u0161te svoje rumov\u00e9 srdie\u010dko a sta\u0148te sa \u010dlenom rumov\u00e9ho klubu \u010d\u00edslo 1. Z\u013eavy na degust\u00e1cie, zauj\u00edmav\u00e9 inform\u00e1cie a \u0161peci\u00e1lna ponuka rumov iba pre \u010dlenov.\" \/>\n<meta name=\"robots\" content=\"index, follow, max-snippet:-1, max-image-preview:large, max-video-preview:-1\" \/>\n<link rel=\"canonical\" href=\"https:\/\/rumovedegustacie.sk\/index.php\/rumovy-klub\/\" \/>\n<meta property=\"og:locale\" content=\"sk_SK\" \/>\n<meta property=\"og:type\" content=\"article\" \/>\n<meta property=\"og:title\" content=\"Rumov\u00fd klub - Rumov\u00e9 degust\u00e1cie\" \/>\n<meta property=\"og:description\" content=\"Pote\u0161te svoje rumov\u00e9 srdie\u010dko a sta\u0148te sa \u010dlenom rumov\u00e9ho klubu \u010d\u00edslo 1. Z\u013eavy na degust\u00e1cie, zauj\u00edmav\u00e9 inform\u00e1cie a \u0161peci\u00e1lna ponuka rumov iba pre \u010dlenov.\" \/>\n<meta property=\"og:url\" content=\"https:\/\/rumovedegustacie.sk\/index.php\/rumovy-klub\/\" \/>\n<meta property=\"og:site_name\" content=\"Rumov\u00e9 degust\u00e1cie\" \/>\n<meta property=\"article:publisher\" content=\"https:\/\/www.facebook.com\/rumovedegustaciesk\/\" \/>\n<meta property=\"article:modified_time\" content=\"2020-02-28T13:52:47+00:00\" \/>\n<meta property=\"og:image\" content=\"https:\/\/rumovedegustacie.sk\/wp-content\/uploads\/2020\/01\/rum_klub.jpg\" \/>\n<meta name=\"twitter:card\" content=\"summary_large_image\" \/>\n<meta name=\"twitter:label1\" content=\"Predpokladan\u00fd \u010das \u010d\u00edtania\" \/>\n\t<meta name=\"twitter:data1\" content=\"1 min\u00fata\" \/>\n<script type=\"application\/ld+json\" class=\"yoast-schema-graph\">{\"@context\":\"https:\/\/schema.org\",\"@graph\":[{\"@type\":\"WebPage\",\"@id\":\"https:\/\/rumovedegustacie.sk\/index.php\/rumovy-klub\/\",\"url\":\"https:\/\/rumovedegustacie.sk\/index.php\/rumovy-klub\/\",\"name\":\"Rumov\u00fd klub - Rumov\u00e9 degust\u00e1cie\",\"isPartOf\":{\"@id\":\"https:\/\/rumovedegustacie.sk\/#website\"},\"datePublished\":\"2019-09-19T12:58:21+00:00\",\"dateModified\":\"2020-02-28T13:52:47+00:00\",\"description\":\"Pote\u0161te svoje rumov\u00e9 srdie\u010dko a sta\u0148te sa \u010dlenom rumov\u00e9ho klubu \u010d\u00edslo 1. Z\u013eavy na degust\u00e1cie, zauj\u00edmav\u00e9 inform\u00e1cie a \u0161peci\u00e1lna ponuka rumov iba pre \u010dlenov.\",\"breadcrumb\":{\"@id\":\"https:\/\/rumovedegustacie.sk\/index.php\/rumovy-klub\/#breadcrumb\"},\"inLanguage\":\"sk-SK\",\"potentialAction\":[{\"@type\":\"ReadAction\",\"target\":[\"https:\/\/rumovedegustacie.sk\/index.php\/rumovy-klub\/\"]}]},{\"@type\":\"BreadcrumbList\",\"@id\":\"https:\/\/rumovedegustacie.sk\/index.php\/rumovy-klub\/#breadcrumb\",\"itemListElement\":[{\"@type\":\"ListItem\",\"position\":1,\"name\":\"Home\",\"item\":\"https:\/\/rumovedegustacie.sk\/\"},{\"@type\":\"ListItem\",\"position\":2,\"name\":\"Rumov\u00fd klub\"}]},{\"@type\":\"WebSite\",\"@id\":\"https:\/\/rumovedegustacie.sk\/#website\",\"url\":\"https:\/\/rumovedegustacie.sk\/\",\"name\":\"Rumov\u00e9 degust\u00e1cie\",\"description\":\"V\u00f4\u0148a, chu\u0165 a z\u00e1\u017eitok\",\"potentialAction\":[{\"@type\":\"SearchAction\",\"target\":{\"@type\":\"EntryPoint\",\"urlTemplate\":\"https:\/\/rumovedegustacie.sk\/?s={search_term_string}\"},\"query-input\":\"required name=search_term_string\"}],\"inLanguage\":\"sk-SK\"}]}<\/script>\n<!-- \/ Yoast SEO plugin. -->","yoast_head_json":{"title":"Rumov\u00fd klub - Rumov\u00e9 degust\u00e1cie","description":"Pote\u0161te svoje rumov\u00e9 srdie\u010dko a sta\u0148te sa \u010dlenom rumov\u00e9ho klubu \u010d\u00edslo 1. Z\u013eavy na degust\u00e1cie, zauj\u00edmav\u00e9 inform\u00e1cie a \u0161peci\u00e1lna ponuka rumov iba pre \u010dlenov.","robots":{"index":"index","follow":"follow","max-snippet":"max-snippet:-1","max-image-preview":"max-image-preview:large","max-video-preview":"max-video-preview:-1"},"canonical":"https:\/\/rumovedegustacie.sk\/index.php\/rumovy-klub\/","og_locale":"sk_SK","og_type":"article","og_title":"Rumov\u00fd klub - Rumov\u00e9 degust\u00e1cie","og_description":"Pote\u0161te svoje rumov\u00e9 srdie\u010dko a sta\u0148te sa \u010dlenom rumov\u00e9ho klubu \u010d\u00edslo 1. Z\u013eavy na degust\u00e1cie, zauj\u00edmav\u00e9 inform\u00e1cie a \u0161peci\u00e1lna ponuka rumov iba pre \u010dlenov.","og_url":"https:\/\/rumovedegustacie.sk\/index.php\/rumovy-klub\/","og_site_name":"Rumov\u00e9 degust\u00e1cie","article_publisher":"https:\/\/www.facebook.com\/rumovedegustaciesk\/","article_modified_time":"2020-02-28T13:52:47+00:00","og_image":[{"url":"https:\/\/rumovedegustacie.sk\/wp-content\/uploads\/2020\/01\/rum_klub.jpg"}],"twitter_card":"summary_large_image","twitter_misc":{"Predpokladan\u00fd \u010das \u010d\u00edtania":"1 min\u00fata"},"schema":{"@context":"https:\/\/schema.org","@graph":[{"@type":"WebPage","@id":"https:\/\/rumovedegustacie.sk\/index.php\/rumovy-klub\/","url":"https:\/\/rumovedegustacie.sk\/index.php\/rumovy-klub\/","name":"Rumov\u00fd klub - Rumov\u00e9 degust\u00e1cie","isPartOf":{"@id":"https:\/\/rumovedegustacie.sk\/#website"},"datePublished":"2019-09-19T12:58:21+00:00","dateModified":"2020-02-28T13:52:47+00:00","description":"Pote\u0161te svoje rumov\u00e9 srdie\u010dko a sta\u0148te sa \u010dlenom rumov\u00e9ho klubu \u010d\u00edslo 1. Z\u013eavy na degust\u00e1cie, zauj\u00edmav\u00e9 inform\u00e1cie a \u0161peci\u00e1lna ponuka rumov iba pre \u010dlenov.","breadcrumb":{"@id":"https:\/\/rumovedegustacie.sk\/index.php\/rumovy-klub\/#breadcrumb"},"inLanguage":"sk-SK","potentialAction":[{"@type":"ReadAction","target":["https:\/\/rumovedegustacie.sk\/index.php\/rumovy-klub\/"]}]},{"@type":"BreadcrumbList","@id":"https:\/\/rumovedegustacie.sk\/index.php\/rumovy-klub\/#breadcrumb","itemListElement":[{"@type":"ListItem","position":1,"name":"Home","item":"https:\/\/rumovedegustacie.sk\/"},{"@type":"ListItem","position":2,"name":"Rumov\u00fd klub"}]},{"@type":"WebSite","@id":"https:\/\/rumovedegustacie.sk\/#website","url":"https:\/\/rumovedegustacie.sk\/","name":"Rumov\u00e9 degust\u00e1cie","description":"V\u00f4\u0148a, chu\u0165 a z\u00e1\u017eitok","potentialAction":[{"@type":"SearchAction","target":{"@type":"EntryPoint","urlTemplate":"https:\/\/rumovedegustacie.sk\/?s={search_term_string}"},"query-input":"required name=search_term_string"}],"inLanguage":"sk-SK"}]}},"_links":{"self":[{"href":"https:\/\/rumovedegustacie.sk\/index.php\/wp-json\/wp\/v2\/pages\/164"}],"collection":[{"href":"https:\/\/rumovedegustacie.sk\/index.php\/wp-json\/wp\/v2\/pages"}],"about":[{"href":"https:\/\/rumovedegustacie.sk\/index.php\/wp-json\/wp\/v2\/types\/page"}],"author":[{"embeddable":true,"href":"https:\/\/rumovedegustacie.sk\/index.php\/wp-json\/wp\/v2\/users\/1"}],"replies":[{"embeddable":true,"href":"https:\/\/rumovedegustacie.sk\/index.php\/wp-json\/wp\/v2\/comments?post=164"}],"version-history":[{"count":6,"href":"https:\/\/rumovedegustacie.sk\/index.php\/wp-json\/wp\/v2\/pages\/164\/revisions"}],"predecessor-version":[{"id":453,"href":"https:\/\/rumovedegustacie.sk\/index.php\/wp-json\/wp\/v2\/pages\/164\/revisions\/453"}],"wp:attachment":[{"href":"https:\/\/rumovedegustacie.sk\/index.php\/wp-json\/wp\/v2\/media?parent=164"}],"curies":[{"name":"wp","href":"https:\/\/api.w.org\/{rel}","templated":true}]}}