{"id":2,"date":"2019-09-18T12:09:06","date_gmt":"2019-09-18T10:09:06","guid":{"rendered":"http:\/\/rumovedegustacie.sk\/?page_id=2"},"modified":"2020-11-16T12:31:22","modified_gmt":"2020-11-16T11:31:22","slug":"rumove-degustacie-bratislava","status":"publish","type":"page","link":"https:\/\/rumovedegustacie.sk\/","title":{"rendered":"Rumov\u00e9 ochutn\u00e1vky a degust\u00e1cie v Bratislave"},"content":{"rendered":"<p>Ochutn\u00e1vky rumov organizovan\u00e9 v hlavnom meste Slovenska, v Bratislave. S na\u0161imi degust\u00e1ciami spozn\u00e1te okrem kvalitn\u00fdch rumov aj kvalitn\u00e9 bratislavsk\u00e9 podniky a bary. V\u017edy sa sna\u017e\u00edme n\u00e1js\u0165 podnik, ktor\u00e1 v\u00e1s dostane svojou kuchy\u0148ou a atmosf\u00e9rou. V pr\u00edpade z\u00e1ujmu o \u00fa\u010dasti na na\u0161ej rumovej degust\u00e1cie si pozrite sekciu <a href=\"http:\/\/rumovedegustacie.sk\/index.php\/category\/planovane-degustacie\/\">pl\u00e1novan\u00e9 degust\u00e1cie<\/a> na na\u0161ej webovej str\u00e1nke.&nbsp;<\/p>\n\n\n<p>Rumov\u00e9 ochutn\u00e1vky s\u00fa st\u00e1le popul\u00e1rnej\u0161ou formou zbli\u017eovania, tr\u00e1venia vo\u013en\u00e9ho \u010dasu alebo h\u013eadania nov\u00fdch inform\u00e1ci\u00ed. N\u00e1\u0161 t\u00edm \u0161pecialistov na rumy a cigary V\u00e1m pon\u00fakne p\u00fatav\u00fd v\u00fdklad, sprev\u00e1dzan\u00fd ochutn\u00e1van\u00edm t\u00fdch najlep\u0161\u00edch rumov na svete. Sna\u017e\u00edme sa voli\u0165 \u0161irok\u00fa \u0161k\u00e1lu chut\u00ed, ale i kraj\u00edn p\u00f4vodu. S mnoh\u00fdmi rumami s\u00fa sp\u00e4t\u00e9 zauj\u00edmav\u00e9 inform\u00e1cie o hist\u00f3rii, p\u00f4vode alebo v\u00fdrobe. Dozviete sa z\u00e1kladn\u00e9 inform\u00e1cie o v\u00fdrobe samotn\u00e9ho rumu a neopenieme ani ob\u013e\u00faben\u00fa kombin\u00e1ciu rumu a cigary. Nebudeme v\u00e1s v\u0161ak nudi\u0165 siahodlh\u00fdmi, odborn\u00fdmi v\u00fdkladmi. Povieme v\u00e1m to najjednoduch\u0161ie ako vieme s cie\u013eom presn\u00e9ho opisu tohto zauj\u00edmav\u00e9ho aktu v\u00fdroby. M\u00e1me pripraven\u00fdch mnoho zauj\u00edmav\u00fdch inform\u00e1ci\u00ed a na konci ka\u017edej degust\u00e1cie si over\u00edme, ako ste si k\u013e\u00fa\u010dov\u00e9 pojmy zapam\u00e4tali.&nbsp;Spolo\u010dne si toti\u017e zas\u00fa\u0165a\u017e\u00edme!  <\/p>\n\n\n\n<h2 class=\"wp-block-heading\">Zapisujte, s\u00fa\u0165a\u017ete, vyhrajte a degustujte aj doma \ud83d\ude42 <\/h2>\n\n\n\n<p>\u00c1no, na na\u0161ich rumov\u00fdch degust\u00e1ci\u00e1ch sa naozaj oplat\u00ed po\u010d\u00fava\u0165 a oplat\u00ed sa zauj\u00edmav\u00e9 inform\u00e1cie zapisova\u0165 do Va\u0161ich degusta\u010dn\u00fdch bro\u017e\u00farok. S\u00fa to pr\u00e1ve bro\u017e\u00farky, ktor\u00e9 s\u00fa ako jedin\u00e9 povolen\u00e9 pri vyp\u013a\u0148an\u00ed z\u00e1vere\u010dn\u00e9ho s\u00fa\u0165a\u017en\u00e9ho kv\u00edzu. Preto po\u010d\u00favajte pozorne, filtrujte inform\u00e1cie a zapisujte tie podstatn\u00e9. Na\u0161i \u0161pecialisti s\u00fa v\u0161ak ve\u013ek\u00ed \u0161ibali a niekedy sa v kv\u00edze objav\u00ed i na prv\u00e9 po\u010dutie nepodstatn\u00fd, ale zauj\u00edmav\u00fd detail. <\/p>\n\n\n\n<p>Rumov\u00e1 degust\u00e1cia je vhodn\u00e1 aj na posilnenie t\u00edmov\u00e9ho ducha, alebo team building. Radi pre v\u00e1s zorganizujeme kompletn\u00fa rumov\u00fa degust\u00e1ciu od A do Z. Potrebujeme od v\u00e1s z\u00e1kladn\u00e9 parametre degust\u00e1cie ako po\u010det os\u00f4b, po\u017eadovan\u00fd po\u010det vzoriek a samotn\u00e1 forma degust\u00e1cie. Rozli\u0161ujeme ich na riaden\u00e9, alebo neriaden\u00e9. V\u0161etky potrebn\u00e9 inform\u00e1cie n\u00e1jdete na na\u0161ej webovej str\u00e1nke v sekcii <a href=\"http:\/\/rumovedegustacie.sk\/index.php\/sukromna-degustacia\/\">s\u00fakromn\u00e9 degust\u00e1cie<\/a>. <\/p>\n\n\n\n<p>Te\u0161\u00edme sa na ka\u017ed\u00e9ho \u00fa\u010dastn\u00edka a \u00fa\u010dastn\u00ed\u010dku na\u0161ej rumovej degust\u00e1cie. Sme otvoren\u00ed a vy\u017eadujeme kon\u0161trukt\u00edvnu sp\u00e4tn\u00fa v\u00e4zbu. Preto, ak ste n\u00e1m nedali vedie\u0165 na degust\u00e1cii, nap\u00ed\u0161te n\u00e1m na <a href=\"mailto:info@rumovedegustacie.sk\">info@rumovedegustacie.sk<\/a>. <\/p>\n","protected":false},"excerpt":{"rendered":"<p>Ochutn\u00e1vky rumov organizovan\u00e9 v hlavnom meste Slovenska, v Bratislave. S na\u0161imi degust\u00e1ciami spozn\u00e1te okrem kvalitn\u00fdch rumov aj kvalitn\u00e9 bratislavsk\u00e9 podniky a bary. V\u017edy sa sna\u017e\u00edme n\u00e1js\u0165 podnik, ktor\u00e1 v\u00e1s dostane svojou kuchy\u0148ou a atmosf\u00e9rou. V pr\u00edpade z\u00e1ujmu o \u00fa\u010dasti na na\u0161ej rumovej degust\u00e1cie si pozrite sekciu pl\u00e1novan\u00e9 degust\u00e1cie na na\u0161ej webovej str\u00e1nke.&nbsp; Rumov\u00e9 ochutn\u00e1vky s\u00fa [&hellip;]<\/p>\n","protected":false},"author":1,"featured_media":0,"parent":0,"menu_order":0,"comment_status":"closed","ping_status":"open","template":"","meta":{"_mi_skip_tracking":false,"_monsterinsights_sitenote_active":false,"_monsterinsights_sitenote_note":"","_monsterinsights_sitenote_category":0,"ngg_post_thumbnail":0,"footnotes":""},"yoast_head":"<!-- This site is optimized with the Yoast SEO plugin v21.0 - https:\/\/yoast.com\/wordpress\/plugins\/seo\/ -->\n<title>Rumov\u00e9 ochutn\u00e1vky a degust\u00e1cie v Bratislave - Rumov\u00e9 degust\u00e1cie<\/title>\n<meta name=\"description\" content=\"Rumov\u00e9 ochutn\u00e1vky a degust\u00e1cie v Bratislave. Verejn\u00e9 aj s\u00fakromn\u00e9 degust\u00e1cie na mieru. Pridajte sa do rumov\u00e9ho klubu a pre\u010d\u00edtajte n\u00e1\u0161 blog.\" \/>\n<meta name=\"robots\" content=\"index, follow, max-snippet:-1, max-image-preview:large, max-video-preview:-1\" \/>\n<link rel=\"canonical\" href=\"https:\/\/rumovedegustacie.sk\/\" \/>\n<meta property=\"og:locale\" content=\"sk_SK\" \/>\n<meta property=\"og:type\" content=\"article\" \/>\n<meta property=\"og:title\" content=\"Rumov\u00e9 ochutn\u00e1vky a degust\u00e1cie v Bratislave - Rumov\u00e9 degust\u00e1cie\" \/>\n<meta property=\"og:description\" content=\"Rumov\u00e9 ochutn\u00e1vky a degust\u00e1cie v Bratislave. Verejn\u00e9 aj s\u00fakromn\u00e9 degust\u00e1cie na mieru. Pridajte sa do rumov\u00e9ho klubu a pre\u010d\u00edtajte n\u00e1\u0161 blog.\" \/>\n<meta property=\"og:url\" content=\"https:\/\/rumovedegustacie.sk\/\" \/>\n<meta property=\"og:site_name\" content=\"Rumov\u00e9 degust\u00e1cie\" \/>\n<meta property=\"article:publisher\" content=\"https:\/\/www.facebook.com\/rumovedegustaciesk\/\" \/>\n<meta property=\"article:modified_time\" content=\"2020-11-16T11:31:22+00:00\" \/>\n<meta name=\"twitter:card\" content=\"summary_large_image\" \/>\n<meta name=\"twitter:label1\" content=\"Predpokladan\u00fd \u010das \u010d\u00edtania\" \/>\n\t<meta name=\"twitter:data1\" content=\"2 min\u00faty\" \/>\n<script type=\"application\/ld+json\" class=\"yoast-schema-graph\">{\"@context\":\"https:\/\/schema.org\",\"@graph\":[{\"@type\":\"WebPage\",\"@id\":\"https:\/\/rumovedegustacie.sk\/\",\"url\":\"https:\/\/rumovedegustacie.sk\/\",\"name\":\"Rumov\u00e9 ochutn\u00e1vky a degust\u00e1cie v Bratislave - Rumov\u00e9 degust\u00e1cie\",\"isPartOf\":{\"@id\":\"https:\/\/rumovedegustacie.sk\/#website\"},\"datePublished\":\"2019-09-18T10:09:06+00:00\",\"dateModified\":\"2020-11-16T11:31:22+00:00\",\"description\":\"Rumov\u00e9 ochutn\u00e1vky a degust\u00e1cie v Bratislave. Verejn\u00e9 aj s\u00fakromn\u00e9 degust\u00e1cie na mieru. Pridajte sa do rumov\u00e9ho klubu a pre\u010d\u00edtajte n\u00e1\u0161 blog.\",\"breadcrumb\":{\"@id\":\"https:\/\/rumovedegustacie.sk\/#breadcrumb\"},\"inLanguage\":\"sk-SK\",\"potentialAction\":[{\"@type\":\"ReadAction\",\"target\":[\"https:\/\/rumovedegustacie.sk\/\"]}]},{\"@type\":\"BreadcrumbList\",\"@id\":\"https:\/\/rumovedegustacie.sk\/#breadcrumb\",\"itemListElement\":[{\"@type\":\"ListItem\",\"position\":1,\"name\":\"Home\",\"item\":\"https:\/\/rumovedegustacie.sk\/\"},{\"@type\":\"ListItem\",\"position\":2,\"name\":\"Rumov\u00e9 ochutn\u00e1vky a degust\u00e1cie v Bratislave\"}]},{\"@type\":\"WebSite\",\"@id\":\"https:\/\/rumovedegustacie.sk\/#website\",\"url\":\"https:\/\/rumovedegustacie.sk\/\",\"name\":\"Rumov\u00e9 degust\u00e1cie\",\"description\":\"V\u00f4\u0148a, chu\u0165 a z\u00e1\u017eitok\",\"potentialAction\":[{\"@type\":\"SearchAction\",\"target\":{\"@type\":\"EntryPoint\",\"urlTemplate\":\"https:\/\/rumovedegustacie.sk\/?s={search_term_string}\"},\"query-input\":\"required name=search_term_string\"}],\"inLanguage\":\"sk-SK\"}]}<\/script>\n<!-- \/ Yoast SEO plugin. -->","yoast_head_json":{"title":"Rumov\u00e9 ochutn\u00e1vky a degust\u00e1cie v Bratislave - Rumov\u00e9 degust\u00e1cie","description":"Rumov\u00e9 ochutn\u00e1vky a degust\u00e1cie v Bratislave. Verejn\u00e9 aj s\u00fakromn\u00e9 degust\u00e1cie na mieru. Pridajte sa do rumov\u00e9ho klubu a pre\u010d\u00edtajte n\u00e1\u0161 blog.","robots":{"index":"index","follow":"follow","max-snippet":"max-snippet:-1","max-image-preview":"max-image-preview:large","max-video-preview":"max-video-preview:-1"},"canonical":"https:\/\/rumovedegustacie.sk\/","og_locale":"sk_SK","og_type":"article","og_title":"Rumov\u00e9 ochutn\u00e1vky a degust\u00e1cie v Bratislave - Rumov\u00e9 degust\u00e1cie","og_description":"Rumov\u00e9 ochutn\u00e1vky a degust\u00e1cie v Bratislave. Verejn\u00e9 aj s\u00fakromn\u00e9 degust\u00e1cie na mieru. Pridajte sa do rumov\u00e9ho klubu a pre\u010d\u00edtajte n\u00e1\u0161 blog.","og_url":"https:\/\/rumovedegustacie.sk\/","og_site_name":"Rumov\u00e9 degust\u00e1cie","article_publisher":"https:\/\/www.facebook.com\/rumovedegustaciesk\/","article_modified_time":"2020-11-16T11:31:22+00:00","twitter_card":"summary_large_image","twitter_misc":{"Predpokladan\u00fd \u010das \u010d\u00edtania":"2 min\u00faty"},"schema":{"@context":"https:\/\/schema.org","@graph":[{"@type":"WebPage","@id":"https:\/\/rumovedegustacie.sk\/","url":"https:\/\/rumovedegustacie.sk\/","name":"Rumov\u00e9 ochutn\u00e1vky a degust\u00e1cie v Bratislave - Rumov\u00e9 degust\u00e1cie","isPartOf":{"@id":"https:\/\/rumovedegustacie.sk\/#website"},"datePublished":"2019-09-18T10:09:06+00:00","dateModified":"2020-11-16T11:31:22+00:00","description":"Rumov\u00e9 ochutn\u00e1vky a degust\u00e1cie v Bratislave. Verejn\u00e9 aj s\u00fakromn\u00e9 degust\u00e1cie na mieru. Pridajte sa do rumov\u00e9ho klubu a pre\u010d\u00edtajte n\u00e1\u0161 blog.","breadcrumb":{"@id":"https:\/\/rumovedegustacie.sk\/#breadcrumb"},"inLanguage":"sk-SK","potentialAction":[{"@type":"ReadAction","target":["https:\/\/rumovedegustacie.sk\/"]}]},{"@type":"BreadcrumbList","@id":"https:\/\/rumovedegustacie.sk\/#breadcrumb","itemListElement":[{"@type":"ListItem","position":1,"name":"Home","item":"https:\/\/rumovedegustacie.sk\/"},{"@type":"ListItem","position":2,"name":"Rumov\u00e9 ochutn\u00e1vky a degust\u00e1cie v Bratislave"}]},{"@type":"WebSite","@id":"https:\/\/rumovedegustacie.sk\/#website","url":"https:\/\/rumovedegustacie.sk\/","name":"Rumov\u00e9 degust\u00e1cie","description":"V\u00f4\u0148a, chu\u0165 a z\u00e1\u017eitok","potentialAction":[{"@type":"SearchAction","target":{"@type":"EntryPoint","urlTemplate":"https:\/\/rumovedegustacie.sk\/?s={search_term_string}"},"query-input":"required name=search_term_string"}],"inLanguage":"sk-SK"}]}},"_links":{"self":[{"href":"https:\/\/rumovedegustacie.sk\/index.php\/wp-json\/wp\/v2\/pages\/2"}],"collection":[{"href":"https:\/\/rumovedegustacie.sk\/index.php\/wp-json\/wp\/v2\/pages"}],"about":[{"href":"https:\/\/rumovedegustacie.sk\/index.php\/wp-json\/wp\/v2\/types\/page"}],"author":[{"embeddable":true,"href":"https:\/\/rumovedegustacie.sk\/index.php\/wp-json\/wp\/v2\/users\/1"}],"replies":[{"embeddable":true,"href":"https:\/\/rumovedegustacie.sk\/index.php\/wp-json\/wp\/v2\/comments?post=2"}],"version-history":[{"count":6,"href":"https:\/\/rumovedegustacie.sk\/index.php\/wp-json\/wp\/v2\/pages\/2\/revisions"}],"predecessor-version":[{"id":698,"href":"https:\/\/rumovedegustacie.sk\/index.php\/wp-json\/wp\/v2\/pages\/2\/revisions\/698"}],"wp:attachment":[{"href":"https:\/\/rumovedegustacie.sk\/index.php\/wp-json\/wp\/v2\/media?parent=2"}],"curies":[{"name":"wp","href":"https:\/\/api.w.org\/{rel}","templated":true}]}}