{"id":306,"date":"2020-01-10T10:33:07","date_gmt":"2020-01-10T09:33:07","guid":{"rendered":"http:\/\/rumovedegustacie.sk\/?page_id=306"},"modified":"2020-01-12T19:50:47","modified_gmt":"2020-01-12T18:50:47","slug":"rumova-degustacia-urban-pub","status":"publish","type":"page","link":"https:\/\/rumovedegustacie.sk\/index.php\/rumova-degustacia-urban-pub\/","title":{"rendered":"Degust\u00e1cia v Srdcovke Urban Pub"},"content":{"rendered":"\n<p>Prijmite na\u0161e pozvanie na prv\u00fa rumov\u00fa degust\u00e1ciu v roku 2020. Vybrali sme magick\u00fd d\u00e1tum 22.02.2020 o 18:30. Budeme spolo\u010dne ochutn\u00e1va\u0165 6 vzoriek, otestujeme svoje vedomosti v s\u00fa\u0165a\u017enom kv\u00edze a v\u00fdborne sa zabav\u00edme. Kuch\u00e1ri zo Srdcovky sa na n\u00e1s pripravia \u0161peci\u00e1lnym menu iba k degust\u00e1cii. Te\u0161\u00edme sa na v\u00e1s!<\/p>\n","protected":false},"excerpt":{"rendered":"<p>Prijmite na\u0161e pozvanie na prv\u00fa rumov\u00fa degust\u00e1ciu v roku 2020. Vybrali sme magick\u00fd d\u00e1tum 22.02.2020 o 18:30. Budeme spolo\u010dne ochutn\u00e1va\u0165 6 vzoriek, otestujeme svoje vedomosti v s\u00fa\u0165a\u017enom kv\u00edze a v\u00fdborne sa zabav\u00edme. Kuch\u00e1ri zo Srdcovky sa na n\u00e1s pripravia \u0161peci\u00e1lnym menu iba k degust\u00e1cii. Te\u0161\u00edme sa na v\u00e1s!<\/p>\n","protected":false},"author":1,"featured_media":95,"parent":0,"menu_order":0,"comment_status":"closed","ping_status":"closed","template":"","meta":{"_mi_skip_tracking":false,"_monsterinsights_sitenote_active":false,"_monsterinsights_sitenote_note":"","_monsterinsights_sitenote_category":0,"ngg_post_thumbnail":0,"footnotes":""},"yoast_head":"<!-- This site is optimized with the Yoast SEO plugin v21.0 - https:\/\/yoast.com\/wordpress\/plugins\/seo\/ -->\n<title>Degust\u00e1cia v Srdcovke Urban Pub - Rumov\u00e9 degust\u00e1cie<\/title>\n<meta name=\"description\" content=\"Rumov\u00e1 degust\u00e1cia v prev\u00e1dzke Srdcovka Urban Pub, ktor\u00e1 sa uskuto\u010dn\u00ed 22.02.2020. Pr\u00eddite a bu\u010fte s\u00fa\u010das\u0165ou magickej noci, v ktorej budeme pi\u0165 najlep\u0161ie rumy.\" \/>\n<meta name=\"robots\" content=\"index, follow, max-snippet:-1, max-image-preview:large, max-video-preview:-1\" \/>\n<link rel=\"canonical\" href=\"https:\/\/rumovedegustacie.sk\/index.php\/rumova-degustacia-urban-pub\/\" \/>\n<meta property=\"og:locale\" content=\"sk_SK\" \/>\n<meta property=\"og:type\" content=\"article\" \/>\n<meta property=\"og:title\" content=\"Degust\u00e1cia v Srdcovke Urban Pub - Rumov\u00e9 degust\u00e1cie\" \/>\n<meta property=\"og:description\" content=\"Rumov\u00e1 degust\u00e1cia v prev\u00e1dzke Srdcovka Urban Pub, ktor\u00e1 sa uskuto\u010dn\u00ed 22.02.2020. Pr\u00eddite a bu\u010fte s\u00fa\u010das\u0165ou magickej noci, v ktorej budeme pi\u0165 najlep\u0161ie rumy.\" \/>\n<meta property=\"og:url\" content=\"https:\/\/rumovedegustacie.sk\/index.php\/rumova-degustacia-urban-pub\/\" \/>\n<meta property=\"og:site_name\" content=\"Rumov\u00e9 degust\u00e1cie\" \/>\n<meta property=\"article:publisher\" content=\"https:\/\/www.facebook.com\/rumovedegustaciesk\/\" \/>\n<meta property=\"article:modified_time\" content=\"2020-01-12T18:50:47+00:00\" \/>\n<meta property=\"og:image\" content=\"https:\/\/rumovedegustacie.sk\/wp-content\/uploads\/2019\/09\/Banner_web2.jpg\" \/>\n\t<meta property=\"og:image:width\" content=\"1280\" \/>\n\t<meta property=\"og:image:height\" content=\"704\" \/>\n\t<meta property=\"og:image:type\" content=\"image\/jpeg\" \/>\n<meta name=\"twitter:card\" content=\"summary_large_image\" \/>\n<script type=\"application\/ld+json\" class=\"yoast-schema-graph\">{\"@context\":\"https:\/\/schema.org\",\"@graph\":[{\"@type\":\"WebPage\",\"@id\":\"https:\/\/rumovedegustacie.sk\/index.php\/rumova-degustacia-urban-pub\/\",\"url\":\"https:\/\/rumovedegustacie.sk\/index.php\/rumova-degustacia-urban-pub\/\",\"name\":\"Degust\u00e1cia v Srdcovke Urban Pub - Rumov\u00e9 degust\u00e1cie\",\"isPartOf\":{\"@id\":\"https:\/\/rumovedegustacie.sk\/#website\"},\"datePublished\":\"2020-01-10T09:33:07+00:00\",\"dateModified\":\"2020-01-12T18:50:47+00:00\",\"description\":\"Rumov\u00e1 degust\u00e1cia v prev\u00e1dzke Srdcovka Urban Pub, ktor\u00e1 sa uskuto\u010dn\u00ed 22.02.2020. Pr\u00eddite a bu\u010fte s\u00fa\u010das\u0165ou magickej noci, v ktorej budeme pi\u0165 najlep\u0161ie rumy.\",\"breadcrumb\":{\"@id\":\"https:\/\/rumovedegustacie.sk\/index.php\/rumova-degustacia-urban-pub\/#breadcrumb\"},\"inLanguage\":\"sk-SK\",\"potentialAction\":[{\"@type\":\"ReadAction\",\"target\":[\"https:\/\/rumovedegustacie.sk\/index.php\/rumova-degustacia-urban-pub\/\"]}]},{\"@type\":\"BreadcrumbList\",\"@id\":\"https:\/\/rumovedegustacie.sk\/index.php\/rumova-degustacia-urban-pub\/#breadcrumb\",\"itemListElement\":[{\"@type\":\"ListItem\",\"position\":1,\"name\":\"Home\",\"item\":\"https:\/\/rumovedegustacie.sk\/\"},{\"@type\":\"ListItem\",\"position\":2,\"name\":\"Degust\u00e1cia v Srdcovke Urban Pub\"}]},{\"@type\":\"WebSite\",\"@id\":\"https:\/\/rumovedegustacie.sk\/#website\",\"url\":\"https:\/\/rumovedegustacie.sk\/\",\"name\":\"Rumov\u00e9 degust\u00e1cie\",\"description\":\"V\u00f4\u0148a, chu\u0165 a z\u00e1\u017eitok\",\"potentialAction\":[{\"@type\":\"SearchAction\",\"target\":{\"@type\":\"EntryPoint\",\"urlTemplate\":\"https:\/\/rumovedegustacie.sk\/?s={search_term_string}\"},\"query-input\":\"required name=search_term_string\"}],\"inLanguage\":\"sk-SK\"}]}<\/script>\n<!-- \/ Yoast SEO plugin. -->","yoast_head_json":{"title":"Degust\u00e1cia v Srdcovke Urban Pub - Rumov\u00e9 degust\u00e1cie","description":"Rumov\u00e1 degust\u00e1cia v prev\u00e1dzke Srdcovka Urban Pub, ktor\u00e1 sa uskuto\u010dn\u00ed 22.02.2020. Pr\u00eddite a bu\u010fte s\u00fa\u010das\u0165ou magickej noci, v ktorej budeme pi\u0165 najlep\u0161ie rumy.","robots":{"index":"index","follow":"follow","max-snippet":"max-snippet:-1","max-image-preview":"max-image-preview:large","max-video-preview":"max-video-preview:-1"},"canonical":"https:\/\/rumovedegustacie.sk\/index.php\/rumova-degustacia-urban-pub\/","og_locale":"sk_SK","og_type":"article","og_title":"Degust\u00e1cia v Srdcovke Urban Pub - Rumov\u00e9 degust\u00e1cie","og_description":"Rumov\u00e1 degust\u00e1cia v prev\u00e1dzke Srdcovka Urban Pub, ktor\u00e1 sa uskuto\u010dn\u00ed 22.02.2020. Pr\u00eddite a bu\u010fte s\u00fa\u010das\u0165ou magickej noci, v ktorej budeme pi\u0165 najlep\u0161ie rumy.","og_url":"https:\/\/rumovedegustacie.sk\/index.php\/rumova-degustacia-urban-pub\/","og_site_name":"Rumov\u00e9 degust\u00e1cie","article_publisher":"https:\/\/www.facebook.com\/rumovedegustaciesk\/","article_modified_time":"2020-01-12T18:50:47+00:00","og_image":[{"width":1280,"height":704,"url":"https:\/\/rumovedegustacie.sk\/wp-content\/uploads\/2019\/09\/Banner_web2.jpg","type":"image\/jpeg"}],"twitter_card":"summary_large_image","schema":{"@context":"https:\/\/schema.org","@graph":[{"@type":"WebPage","@id":"https:\/\/rumovedegustacie.sk\/index.php\/rumova-degustacia-urban-pub\/","url":"https:\/\/rumovedegustacie.sk\/index.php\/rumova-degustacia-urban-pub\/","name":"Degust\u00e1cia v Srdcovke Urban Pub - Rumov\u00e9 degust\u00e1cie","isPartOf":{"@id":"https:\/\/rumovedegustacie.sk\/#website"},"datePublished":"2020-01-10T09:33:07+00:00","dateModified":"2020-01-12T18:50:47+00:00","description":"Rumov\u00e1 degust\u00e1cia v prev\u00e1dzke Srdcovka Urban Pub, ktor\u00e1 sa uskuto\u010dn\u00ed 22.02.2020. Pr\u00eddite a bu\u010fte s\u00fa\u010das\u0165ou magickej noci, v ktorej budeme pi\u0165 najlep\u0161ie rumy.","breadcrumb":{"@id":"https:\/\/rumovedegustacie.sk\/index.php\/rumova-degustacia-urban-pub\/#breadcrumb"},"inLanguage":"sk-SK","potentialAction":[{"@type":"ReadAction","target":["https:\/\/rumovedegustacie.sk\/index.php\/rumova-degustacia-urban-pub\/"]}]},{"@type":"BreadcrumbList","@id":"https:\/\/rumovedegustacie.sk\/index.php\/rumova-degustacia-urban-pub\/#breadcrumb","itemListElement":[{"@type":"ListItem","position":1,"name":"Home","item":"https:\/\/rumovedegustacie.sk\/"},{"@type":"ListItem","position":2,"name":"Degust\u00e1cia v Srdcovke Urban Pub"}]},{"@type":"WebSite","@id":"https:\/\/rumovedegustacie.sk\/#website","url":"https:\/\/rumovedegustacie.sk\/","name":"Rumov\u00e9 degust\u00e1cie","description":"V\u00f4\u0148a, chu\u0165 a z\u00e1\u017eitok","potentialAction":[{"@type":"SearchAction","target":{"@type":"EntryPoint","urlTemplate":"https:\/\/rumovedegustacie.sk\/?s={search_term_string}"},"query-input":"required name=search_term_string"}],"inLanguage":"sk-SK"}]}},"_links":{"self":[{"href":"https:\/\/rumovedegustacie.sk\/index.php\/wp-json\/wp\/v2\/pages\/306"}],"collection":[{"href":"https:\/\/rumovedegustacie.sk\/index.php\/wp-json\/wp\/v2\/pages"}],"about":[{"href":"https:\/\/rumovedegustacie.sk\/index.php\/wp-json\/wp\/v2\/types\/page"}],"author":[{"embeddable":true,"href":"https:\/\/rumovedegustacie.sk\/index.php\/wp-json\/wp\/v2\/users\/1"}],"replies":[{"embeddable":true,"href":"https:\/\/rumovedegustacie.sk\/index.php\/wp-json\/wp\/v2\/comments?post=306"}],"version-history":[{"count":4,"href":"https:\/\/rumovedegustacie.sk\/index.php\/wp-json\/wp\/v2\/pages\/306\/revisions"}],"predecessor-version":[{"id":326,"href":"https:\/\/rumovedegustacie.sk\/index.php\/wp-json\/wp\/v2\/pages\/306\/revisions\/326"}],"wp:featuredmedia":[{"embeddable":true,"href":"https:\/\/rumovedegustacie.sk\/index.php\/wp-json\/wp\/v2\/media\/95"}],"wp:attachment":[{"href":"https:\/\/rumovedegustacie.sk\/index.php\/wp-json\/wp\/v2\/media?parent=306"}],"curies":[{"name":"wp","href":"https:\/\/api.w.org\/{rel}","templated":true}]}}