{"id":62,"date":"2019-09-18T16:39:12","date_gmt":"2019-09-18T14:39:12","guid":{"rendered":"http:\/\/rumovedegustacie.sk\/?page_id=62"},"modified":"2019-09-18T16:39:25","modified_gmt":"2019-09-18T14:39:25","slug":"vyhrajte-cenu","status":"publish","type":"page","link":"https:\/\/rumovedegustacie.sk\/index.php\/vyhrajte-cenu\/","title":{"rendered":"Vyhrajte  cenu"},"content":{"rendered":"\n<p>T\u00ed najlep\u0161\u00ed si z degust\u00e1cie odnes\u00fa f\u013ea\u0161ky kvalitn\u00e9ho rumu! Je potrebn\u00e9 uspie\u0165 v s\u00fa\u0165a\u017enom kv\u00edze, n\u00e1sledne podst\u00fapi\u0165 rozstrel v bleskovom kole a ak sa umiestnite medzi prv\u00fdmi troma, v\u00fdhra je VA\u0160A! <\/p>\n","protected":false},"excerpt":{"rendered":"<p>T\u00ed najlep\u0161\u00ed si z degust\u00e1cie odnes\u00fa f\u013ea\u0161ky kvalitn\u00e9ho rumu! Je potrebn\u00e9 uspie\u0165 v s\u00fa\u0165a\u017enom kv\u00edze, n\u00e1sledne podst\u00fapi\u0165 rozstrel v bleskovom kole a ak sa umiestnite medzi prv\u00fdmi troma, v\u00fdhra je VA\u0160A!<\/p>\n","protected":false},"author":1,"featured_media":0,"parent":0,"menu_order":0,"comment_status":"closed","ping_status":"closed","template":"","meta":{"_mi_skip_tracking":false,"_monsterinsights_sitenote_active":false,"_monsterinsights_sitenote_note":"","_monsterinsights_sitenote_category":0,"ngg_post_thumbnail":0,"footnotes":""},"yoast_head":"<!-- This site is optimized with the Yoast SEO plugin v21.0 - https:\/\/yoast.com\/wordpress\/plugins\/seo\/ -->\n<title>Vyhrajte cenu - Rumov\u00e9 degust\u00e1cie<\/title>\n<meta name=\"description\" content=\"Rum a degust\u00e1cie patria k ob\u013e\u00faben\u00fdm sp\u00f4sobom tr\u00e1venia vo\u013en\u00e9ho \u010dasu. Prostredn\u00edctvom na\u0161ej str\u00e1nky sa dozviete inform\u00e1cie o rumoch a m\u00e1te mo\u017enos\u0165 nav\u0161t\u00edvi\u0165 rumov\u00fa degust\u00e1ciu na ktorej sa dozviete zauj\u00edmavosti zo sveta rumu.\" \/>\n<meta name=\"robots\" content=\"index, follow, max-snippet:-1, max-image-preview:large, max-video-preview:-1\" \/>\n<link rel=\"canonical\" href=\"https:\/\/rumovedegustacie.sk\/index.php\/vyhrajte-cenu\/\" \/>\n<meta property=\"og:locale\" content=\"sk_SK\" \/>\n<meta property=\"og:type\" content=\"article\" \/>\n<meta property=\"og:title\" content=\"Vyhrajte cenu - Rumov\u00e9 degust\u00e1cie\" \/>\n<meta property=\"og:description\" content=\"Rum a degust\u00e1cie patria k ob\u013e\u00faben\u00fdm sp\u00f4sobom tr\u00e1venia vo\u013en\u00e9ho \u010dasu. Prostredn\u00edctvom na\u0161ej str\u00e1nky sa dozviete inform\u00e1cie o rumoch a m\u00e1te mo\u017enos\u0165 nav\u0161t\u00edvi\u0165 rumov\u00fa degust\u00e1ciu na ktorej sa dozviete zauj\u00edmavosti zo sveta rumu.\" \/>\n<meta property=\"og:url\" content=\"https:\/\/rumovedegustacie.sk\/index.php\/vyhrajte-cenu\/\" \/>\n<meta property=\"og:site_name\" content=\"Rumov\u00e9 degust\u00e1cie\" \/>\n<meta property=\"article:publisher\" content=\"https:\/\/www.facebook.com\/rumovedegustaciesk\/\" \/>\n<meta property=\"article:modified_time\" content=\"2019-09-18T14:39:25+00:00\" \/>\n<meta name=\"twitter:card\" content=\"summary_large_image\" \/>\n<script type=\"application\/ld+json\" class=\"yoast-schema-graph\">{\"@context\":\"https:\/\/schema.org\",\"@graph\":[{\"@type\":\"WebPage\",\"@id\":\"https:\/\/rumovedegustacie.sk\/index.php\/vyhrajte-cenu\/\",\"url\":\"https:\/\/rumovedegustacie.sk\/index.php\/vyhrajte-cenu\/\",\"name\":\"Vyhrajte cenu - Rumov\u00e9 degust\u00e1cie\",\"isPartOf\":{\"@id\":\"https:\/\/rumovedegustacie.sk\/#website\"},\"datePublished\":\"2019-09-18T14:39:12+00:00\",\"dateModified\":\"2019-09-18T14:39:25+00:00\",\"description\":\"Rum a degust\u00e1cie patria k ob\u013e\u00faben\u00fdm sp\u00f4sobom tr\u00e1venia vo\u013en\u00e9ho \u010dasu. Prostredn\u00edctvom na\u0161ej str\u00e1nky sa dozviete inform\u00e1cie o rumoch a m\u00e1te mo\u017enos\u0165 nav\u0161t\u00edvi\u0165 rumov\u00fa degust\u00e1ciu na ktorej sa dozviete zauj\u00edmavosti zo sveta rumu.\",\"breadcrumb\":{\"@id\":\"https:\/\/rumovedegustacie.sk\/index.php\/vyhrajte-cenu\/#breadcrumb\"},\"inLanguage\":\"sk-SK\",\"potentialAction\":[{\"@type\":\"ReadAction\",\"target\":[\"https:\/\/rumovedegustacie.sk\/index.php\/vyhrajte-cenu\/\"]}]},{\"@type\":\"BreadcrumbList\",\"@id\":\"https:\/\/rumovedegustacie.sk\/index.php\/vyhrajte-cenu\/#breadcrumb\",\"itemListElement\":[{\"@type\":\"ListItem\",\"position\":1,\"name\":\"Home\",\"item\":\"https:\/\/rumovedegustacie.sk\/\"},{\"@type\":\"ListItem\",\"position\":2,\"name\":\"Vyhrajte cenu\"}]},{\"@type\":\"WebSite\",\"@id\":\"https:\/\/rumovedegustacie.sk\/#website\",\"url\":\"https:\/\/rumovedegustacie.sk\/\",\"name\":\"Rumov\u00e9 degust\u00e1cie\",\"description\":\"V\u00f4\u0148a, chu\u0165 a z\u00e1\u017eitok\",\"potentialAction\":[{\"@type\":\"SearchAction\",\"target\":{\"@type\":\"EntryPoint\",\"urlTemplate\":\"https:\/\/rumovedegustacie.sk\/?s={search_term_string}\"},\"query-input\":\"required name=search_term_string\"}],\"inLanguage\":\"sk-SK\"}]}<\/script>\n<!-- \/ Yoast SEO plugin. -->","yoast_head_json":{"title":"Vyhrajte cenu - Rumov\u00e9 degust\u00e1cie","description":"Rum a degust\u00e1cie patria k ob\u013e\u00faben\u00fdm sp\u00f4sobom tr\u00e1venia vo\u013en\u00e9ho \u010dasu. Prostredn\u00edctvom na\u0161ej str\u00e1nky sa dozviete inform\u00e1cie o rumoch a m\u00e1te mo\u017enos\u0165 nav\u0161t\u00edvi\u0165 rumov\u00fa degust\u00e1ciu na ktorej sa dozviete zauj\u00edmavosti zo sveta rumu.","robots":{"index":"index","follow":"follow","max-snippet":"max-snippet:-1","max-image-preview":"max-image-preview:large","max-video-preview":"max-video-preview:-1"},"canonical":"https:\/\/rumovedegustacie.sk\/index.php\/vyhrajte-cenu\/","og_locale":"sk_SK","og_type":"article","og_title":"Vyhrajte cenu - Rumov\u00e9 degust\u00e1cie","og_description":"Rum a degust\u00e1cie patria k ob\u013e\u00faben\u00fdm sp\u00f4sobom tr\u00e1venia vo\u013en\u00e9ho \u010dasu. Prostredn\u00edctvom na\u0161ej str\u00e1nky sa dozviete inform\u00e1cie o rumoch a m\u00e1te mo\u017enos\u0165 nav\u0161t\u00edvi\u0165 rumov\u00fa degust\u00e1ciu na ktorej sa dozviete zauj\u00edmavosti zo sveta rumu.","og_url":"https:\/\/rumovedegustacie.sk\/index.php\/vyhrajte-cenu\/","og_site_name":"Rumov\u00e9 degust\u00e1cie","article_publisher":"https:\/\/www.facebook.com\/rumovedegustaciesk\/","article_modified_time":"2019-09-18T14:39:25+00:00","twitter_card":"summary_large_image","schema":{"@context":"https:\/\/schema.org","@graph":[{"@type":"WebPage","@id":"https:\/\/rumovedegustacie.sk\/index.php\/vyhrajte-cenu\/","url":"https:\/\/rumovedegustacie.sk\/index.php\/vyhrajte-cenu\/","name":"Vyhrajte cenu - Rumov\u00e9 degust\u00e1cie","isPartOf":{"@id":"https:\/\/rumovedegustacie.sk\/#website"},"datePublished":"2019-09-18T14:39:12+00:00","dateModified":"2019-09-18T14:39:25+00:00","description":"Rum a degust\u00e1cie patria k ob\u013e\u00faben\u00fdm sp\u00f4sobom tr\u00e1venia vo\u013en\u00e9ho \u010dasu. Prostredn\u00edctvom na\u0161ej str\u00e1nky sa dozviete inform\u00e1cie o rumoch a m\u00e1te mo\u017enos\u0165 nav\u0161t\u00edvi\u0165 rumov\u00fa degust\u00e1ciu na ktorej sa dozviete zauj\u00edmavosti zo sveta rumu.","breadcrumb":{"@id":"https:\/\/rumovedegustacie.sk\/index.php\/vyhrajte-cenu\/#breadcrumb"},"inLanguage":"sk-SK","potentialAction":[{"@type":"ReadAction","target":["https:\/\/rumovedegustacie.sk\/index.php\/vyhrajte-cenu\/"]}]},{"@type":"BreadcrumbList","@id":"https:\/\/rumovedegustacie.sk\/index.php\/vyhrajte-cenu\/#breadcrumb","itemListElement":[{"@type":"ListItem","position":1,"name":"Home","item":"https:\/\/rumovedegustacie.sk\/"},{"@type":"ListItem","position":2,"name":"Vyhrajte cenu"}]},{"@type":"WebSite","@id":"https:\/\/rumovedegustacie.sk\/#website","url":"https:\/\/rumovedegustacie.sk\/","name":"Rumov\u00e9 degust\u00e1cie","description":"V\u00f4\u0148a, chu\u0165 a z\u00e1\u017eitok","potentialAction":[{"@type":"SearchAction","target":{"@type":"EntryPoint","urlTemplate":"https:\/\/rumovedegustacie.sk\/?s={search_term_string}"},"query-input":"required name=search_term_string"}],"inLanguage":"sk-SK"}]}},"_links":{"self":[{"href":"https:\/\/rumovedegustacie.sk\/index.php\/wp-json\/wp\/v2\/pages\/62"}],"collection":[{"href":"https:\/\/rumovedegustacie.sk\/index.php\/wp-json\/wp\/v2\/pages"}],"about":[{"href":"https:\/\/rumovedegustacie.sk\/index.php\/wp-json\/wp\/v2\/types\/page"}],"author":[{"embeddable":true,"href":"https:\/\/rumovedegustacie.sk\/index.php\/wp-json\/wp\/v2\/users\/1"}],"replies":[{"embeddable":true,"href":"https:\/\/rumovedegustacie.sk\/index.php\/wp-json\/wp\/v2\/comments?post=62"}],"version-history":[{"count":1,"href":"https:\/\/rumovedegustacie.sk\/index.php\/wp-json\/wp\/v2\/pages\/62\/revisions"}],"predecessor-version":[{"id":63,"href":"https:\/\/rumovedegustacie.sk\/index.php\/wp-json\/wp\/v2\/pages\/62\/revisions\/63"}],"wp:attachment":[{"href":"https:\/\/rumovedegustacie.sk\/index.php\/wp-json\/wp\/v2\/media?parent=62"}],"curies":[{"name":"wp","href":"https:\/\/api.w.org\/{rel}","templated":true}]}}