{"id":784,"date":"2023-03-25T11:10:58","date_gmt":"2023-03-25T10:10:58","guid":{"rendered":"https:\/\/rumovedegustacie.sk\/?page_id=784"},"modified":"2023-03-25T11:13:18","modified_gmt":"2023-03-25T10:13:18","slug":"premierska-degustacia","status":"publish","type":"page","link":"https:\/\/rumovedegustacie.sk\/index.php\/premierska-degustacia\/","title":{"rendered":"Premi\u00e9rska degust\u00e1cia"},"content":{"rendered":"\n<!-- default-view.php -->\n<div\n\tclass=\"ngg-galleryoverview default-view \"\n\tid=\"ngg-gallery-e39150147f998c570e0d83f5df8a1765-1\">\n\n\t\t<!-- Thumbnails -->\n\t\t\t\t<div id=\"ngg-image-0\" class=\"ngg-gallery-thumbnail-box \" >\n\t\t\t\t        <div class=\"ngg-gallery-thumbnail\">\n            <a href=\"https:\/\/rumovedegustacie.sk\/wp-content\/gallery\/degustacia-pre-kancelariu-premiera\/unnamed.jpg\"\n               title=\"\"\n               data-src=\"https:\/\/rumovedegustacie.sk\/wp-content\/gallery\/degustacia-pre-kancelariu-premiera\/unnamed.jpg\"\n               data-thumbnail=\"https:\/\/rumovedegustacie.sk\/wp-content\/gallery\/degustacia-pre-kancelariu-premiera\/thumbs\/thumbs_unnamed.jpg\"\n               data-image-id=\"118\"\n               data-title=\"S premi\u00e9rom E. Heherom\"\n               data-description=\"\"\n               data-image-slug=\"unnamed\"\n               class=\"ngg-simplelightbox\" rel=\"e39150147f998c570e0d83f5df8a1765\">\n                <img\n                    title=\"S premi\u00e9rom E. Heherom\"\n                    alt=\"S premi\u00e9rom E. Heherom\"\n                    src=\"https:\/\/rumovedegustacie.sk\/wp-content\/gallery\/degustacia-pre-kancelariu-premiera\/thumbs\/thumbs_unnamed.jpg\"\n                    width=\"240\"\n                    height=\"160\"\n                    style=\"max-width:100%;\"\n                \/>\n            <\/a>\n        <\/div>\n\t\t\t\t\t\t\t<\/div> \n\t\t\t\n\t\t\t\t<div id=\"ngg-image-1\" class=\"ngg-gallery-thumbnail-box \" >\n\t\t\t\t        <div class=\"ngg-gallery-thumbnail\">\n            <a href=\"https:\/\/rumovedegustacie.sk\/wp-content\/gallery\/degustacia-pre-kancelariu-premiera\/IMG-4155.jpg\"\n               title=\"\"\n               data-src=\"https:\/\/rumovedegustacie.sk\/wp-content\/gallery\/degustacia-pre-kancelariu-premiera\/IMG-4155.jpg\"\n               data-thumbnail=\"https:\/\/rumovedegustacie.sk\/wp-content\/gallery\/degustacia-pre-kancelariu-premiera\/thumbs\/thumbs_IMG-4155.jpg\"\n               data-image-id=\"119\"\n               data-title=\"Vo vestibule \u00daradu Vl\u00e1dy\"\n               data-description=\"\"\n               data-image-slug=\"img-4155\"\n               class=\"ngg-simplelightbox\" rel=\"e39150147f998c570e0d83f5df8a1765\">\n                <img\n                    title=\"Vo vestibule \u00daradu Vl\u00e1dy\"\n                    alt=\"Vo vestibule \u00daradu Vl\u00e1dy\"\n                    src=\"https:\/\/rumovedegustacie.sk\/wp-content\/gallery\/degustacia-pre-kancelariu-premiera\/thumbs\/thumbs_IMG-4155.jpg\"\n                    width=\"240\"\n                    height=\"160\"\n                    style=\"max-width:100%;\"\n                \/>\n            <\/a>\n        <\/div>\n\t\t\t\t\t\t\t<\/div> \n\t\t\t\n\t\t\t\t<div id=\"ngg-image-2\" class=\"ngg-gallery-thumbnail-box \" >\n\t\t\t\t        <div class=\"ngg-gallery-thumbnail\">\n            <a href=\"https:\/\/rumovedegustacie.sk\/wp-content\/gallery\/degustacia-pre-kancelariu-premiera\/IMG-4160.jpg\"\n               title=\"\"\n               data-src=\"https:\/\/rumovedegustacie.sk\/wp-content\/gallery\/degustacia-pre-kancelariu-premiera\/IMG-4160.jpg\"\n               data-thumbnail=\"https:\/\/rumovedegustacie.sk\/wp-content\/gallery\/degustacia-pre-kancelariu-premiera\/thumbs\/thumbs_IMG-4160.jpg\"\n               data-image-id=\"120\"\n               data-title=\"Pr\u00edprava\"\n               data-description=\"\"\n               data-image-slug=\"img-4160\"\n               class=\"ngg-simplelightbox\" rel=\"e39150147f998c570e0d83f5df8a1765\">\n                <img\n                    title=\"Pr\u00edprava\"\n                    alt=\"Pr\u00edprava\"\n                    src=\"https:\/\/rumovedegustacie.sk\/wp-content\/gallery\/degustacia-pre-kancelariu-premiera\/thumbs\/thumbs_IMG-4160.jpg\"\n                    width=\"240\"\n                    height=\"160\"\n                    style=\"max-width:100%;\"\n                \/>\n            <\/a>\n        <\/div>\n\t\t\t\t\t\t\t<\/div> \n\t\t\t\n\t\t\t\t<div id=\"ngg-image-3\" class=\"ngg-gallery-thumbnail-box \" >\n\t\t\t\t        <div class=\"ngg-gallery-thumbnail\">\n            <a href=\"https:\/\/rumovedegustacie.sk\/wp-content\/gallery\/degustacia-pre-kancelariu-premiera\/IMG-4157.jpg\"\n               title=\"\"\n               data-src=\"https:\/\/rumovedegustacie.sk\/wp-content\/gallery\/degustacia-pre-kancelariu-premiera\/IMG-4157.jpg\"\n               data-thumbnail=\"https:\/\/rumovedegustacie.sk\/wp-content\/gallery\/degustacia-pre-kancelariu-premiera\/thumbs\/thumbs_IMG-4157.jpg\"\n               data-image-id=\"121\"\n               data-title=\"Tesne pred zah\u00e1jen\u00edm\"\n               data-description=\"\"\n               data-image-slug=\"img-4157\"\n               class=\"ngg-simplelightbox\" rel=\"e39150147f998c570e0d83f5df8a1765\">\n                <img\n                    title=\"Tesne pred zah\u00e1jen\u00edm\"\n                    alt=\"Tesne pred zah\u00e1jen\u00edm\"\n                    src=\"https:\/\/rumovedegustacie.sk\/wp-content\/gallery\/degustacia-pre-kancelariu-premiera\/thumbs\/thumbs_IMG-4157.jpg\"\n                    width=\"240\"\n                    height=\"160\"\n                    style=\"max-width:100%;\"\n                \/>\n            <\/a>\n        <\/div>\n\t\t\t\t\t\t\t<\/div> \n\t\t\t\n\t\t\t\t<div id=\"ngg-image-4\" class=\"ngg-gallery-thumbnail-box \" >\n\t\t\t\t        <div class=\"ngg-gallery-thumbnail\">\n            <a href=\"https:\/\/rumovedegustacie.sk\/wp-content\/gallery\/degustacia-pre-kancelariu-premiera\/IMG-4163.jpg\"\n               title=\"\"\n               data-src=\"https:\/\/rumovedegustacie.sk\/wp-content\/gallery\/degustacia-pre-kancelariu-premiera\/IMG-4163.jpg\"\n               data-thumbnail=\"https:\/\/rumovedegustacie.sk\/wp-content\/gallery\/degustacia-pre-kancelariu-premiera\/thumbs\/thumbs_IMG-4163.jpg\"\n               data-image-id=\"122\"\n               data-title=\"V\u00ed\u0165azn\u00fd t\u00edm\"\n               data-description=\"\"\n               data-image-slug=\"img-4163\"\n               class=\"ngg-simplelightbox\" rel=\"e39150147f998c570e0d83f5df8a1765\">\n                <img\n                    title=\"V\u00ed\u0165azn\u00fd t\u00edm\"\n                    alt=\"V\u00ed\u0165azn\u00fd t\u00edm\"\n                    src=\"https:\/\/rumovedegustacie.sk\/wp-content\/gallery\/degustacia-pre-kancelariu-premiera\/thumbs\/thumbs_IMG-4163.jpg\"\n                    width=\"240\"\n                    height=\"160\"\n                    style=\"max-width:100%;\"\n                \/>\n            <\/a>\n        <\/div>\n\t\t\t\t\t\t\t<\/div> \n\t\t\t\n\t\n\t<br style=\"clear: both\" \/>\n\n\t\n\t\t<!-- Pagination -->\n\t<div class='ngg-clear'><\/div>\t<\/div>\n\n","protected":false},"excerpt":{"rendered":"","protected":false},"author":1,"featured_media":0,"parent":0,"menu_order":0,"comment_status":"closed","ping_status":"closed","template":"","meta":{"_mi_skip_tracking":false,"_monsterinsights_sitenote_active":false,"_monsterinsights_sitenote_note":"","_monsterinsights_sitenote_category":0,"ngg_post_thumbnail":0,"footnotes":""},"yoast_head":"<!-- This site is optimized with the Yoast SEO plugin v21.0 - https:\/\/yoast.com\/wordpress\/plugins\/seo\/ -->\n<title>Premi\u00e9rska degust\u00e1cia - Rumov\u00e9 degust\u00e1cie<\/title>\n<meta name=\"description\" content=\"Rum a degust\u00e1cie patria k ob\u013e\u00faben\u00fdm sp\u00f4sobom tr\u00e1venia vo\u013en\u00e9ho \u010dasu. Prostredn\u00edctvom na\u0161ej str\u00e1nky sa dozviete inform\u00e1cie o rumoch a m\u00e1te mo\u017enos\u0165 nav\u0161t\u00edvi\u0165 rumov\u00fa degust\u00e1ciu na ktorej sa dozviete zauj\u00edmavosti zo sveta rumu.\" \/>\n<meta name=\"robots\" content=\"index, follow, max-snippet:-1, max-image-preview:large, max-video-preview:-1\" \/>\n<link rel=\"canonical\" href=\"https:\/\/rumovedegustacie.sk\/index.php\/premierska-degustacia\/\" \/>\n<meta property=\"og:locale\" content=\"sk_SK\" \/>\n<meta property=\"og:type\" content=\"article\" \/>\n<meta property=\"og:title\" content=\"Premi\u00e9rska degust\u00e1cia - Rumov\u00e9 degust\u00e1cie\" \/>\n<meta property=\"og:description\" content=\"Rum a degust\u00e1cie patria k ob\u013e\u00faben\u00fdm sp\u00f4sobom tr\u00e1venia vo\u013en\u00e9ho \u010dasu. Prostredn\u00edctvom na\u0161ej str\u00e1nky sa dozviete inform\u00e1cie o rumoch a m\u00e1te mo\u017enos\u0165 nav\u0161t\u00edvi\u0165 rumov\u00fa degust\u00e1ciu na ktorej sa dozviete zauj\u00edmavosti zo sveta rumu.\" \/>\n<meta property=\"og:url\" content=\"https:\/\/rumovedegustacie.sk\/index.php\/premierska-degustacia\/\" \/>\n<meta property=\"og:site_name\" content=\"Rumov\u00e9 degust\u00e1cie\" \/>\n<meta property=\"article:publisher\" content=\"https:\/\/www.facebook.com\/rumovedegustaciesk\/\" \/>\n<meta property=\"article:modified_time\" content=\"2023-03-25T10:13:18+00:00\" \/>\n<meta name=\"twitter:card\" content=\"summary_large_image\" \/>\n<meta name=\"twitter:label1\" content=\"Predpokladan\u00fd \u010das \u010d\u00edtania\" \/>\n\t<meta name=\"twitter:data1\" content=\"1 min\u00fata\" \/>\n<script type=\"application\/ld+json\" class=\"yoast-schema-graph\">{\"@context\":\"https:\/\/schema.org\",\"@graph\":[{\"@type\":\"WebPage\",\"@id\":\"https:\/\/rumovedegustacie.sk\/index.php\/premierska-degustacia\/\",\"url\":\"https:\/\/rumovedegustacie.sk\/index.php\/premierska-degustacia\/\",\"name\":\"Premi\u00e9rska degust\u00e1cia - Rumov\u00e9 degust\u00e1cie\",\"isPartOf\":{\"@id\":\"https:\/\/rumovedegustacie.sk\/#website\"},\"datePublished\":\"2023-03-25T10:10:58+00:00\",\"dateModified\":\"2023-03-25T10:13:18+00:00\",\"description\":\"Rum a degust\u00e1cie patria k ob\u013e\u00faben\u00fdm sp\u00f4sobom tr\u00e1venia vo\u013en\u00e9ho \u010dasu. Prostredn\u00edctvom na\u0161ej str\u00e1nky sa dozviete inform\u00e1cie o rumoch a m\u00e1te mo\u017enos\u0165 nav\u0161t\u00edvi\u0165 rumov\u00fa degust\u00e1ciu na ktorej sa dozviete zauj\u00edmavosti zo sveta rumu.\",\"breadcrumb\":{\"@id\":\"https:\/\/rumovedegustacie.sk\/index.php\/premierska-degustacia\/#breadcrumb\"},\"inLanguage\":\"sk-SK\",\"potentialAction\":[{\"@type\":\"ReadAction\",\"target\":[\"https:\/\/rumovedegustacie.sk\/index.php\/premierska-degustacia\/\"]}]},{\"@type\":\"BreadcrumbList\",\"@id\":\"https:\/\/rumovedegustacie.sk\/index.php\/premierska-degustacia\/#breadcrumb\",\"itemListElement\":[{\"@type\":\"ListItem\",\"position\":1,\"name\":\"Home\",\"item\":\"https:\/\/rumovedegustacie.sk\/\"},{\"@type\":\"ListItem\",\"position\":2,\"name\":\"Premi\u00e9rska degust\u00e1cia\"}]},{\"@type\":\"WebSite\",\"@id\":\"https:\/\/rumovedegustacie.sk\/#website\",\"url\":\"https:\/\/rumovedegustacie.sk\/\",\"name\":\"Rumov\u00e9 degust\u00e1cie\",\"description\":\"V\u00f4\u0148a, chu\u0165 a z\u00e1\u017eitok\",\"potentialAction\":[{\"@type\":\"SearchAction\",\"target\":{\"@type\":\"EntryPoint\",\"urlTemplate\":\"https:\/\/rumovedegustacie.sk\/?s={search_term_string}\"},\"query-input\":\"required name=search_term_string\"}],\"inLanguage\":\"sk-SK\"}]}<\/script>\n<!-- \/ Yoast SEO plugin. -->","yoast_head_json":{"title":"Premi\u00e9rska degust\u00e1cia - Rumov\u00e9 degust\u00e1cie","description":"Rum a degust\u00e1cie patria k ob\u013e\u00faben\u00fdm sp\u00f4sobom tr\u00e1venia vo\u013en\u00e9ho \u010dasu. Prostredn\u00edctvom na\u0161ej str\u00e1nky sa dozviete inform\u00e1cie o rumoch a m\u00e1te mo\u017enos\u0165 nav\u0161t\u00edvi\u0165 rumov\u00fa degust\u00e1ciu na ktorej sa dozviete zauj\u00edmavosti zo sveta rumu.","robots":{"index":"index","follow":"follow","max-snippet":"max-snippet:-1","max-image-preview":"max-image-preview:large","max-video-preview":"max-video-preview:-1"},"canonical":"https:\/\/rumovedegustacie.sk\/index.php\/premierska-degustacia\/","og_locale":"sk_SK","og_type":"article","og_title":"Premi\u00e9rska degust\u00e1cia - Rumov\u00e9 degust\u00e1cie","og_description":"Rum a degust\u00e1cie patria k ob\u013e\u00faben\u00fdm sp\u00f4sobom tr\u00e1venia vo\u013en\u00e9ho \u010dasu. Prostredn\u00edctvom na\u0161ej str\u00e1nky sa dozviete inform\u00e1cie o rumoch a m\u00e1te mo\u017enos\u0165 nav\u0161t\u00edvi\u0165 rumov\u00fa degust\u00e1ciu na ktorej sa dozviete zauj\u00edmavosti zo sveta rumu.","og_url":"https:\/\/rumovedegustacie.sk\/index.php\/premierska-degustacia\/","og_site_name":"Rumov\u00e9 degust\u00e1cie","article_publisher":"https:\/\/www.facebook.com\/rumovedegustaciesk\/","article_modified_time":"2023-03-25T10:13:18+00:00","twitter_card":"summary_large_image","twitter_misc":{"Predpokladan\u00fd \u010das \u010d\u00edtania":"1 min\u00fata"},"schema":{"@context":"https:\/\/schema.org","@graph":[{"@type":"WebPage","@id":"https:\/\/rumovedegustacie.sk\/index.php\/premierska-degustacia\/","url":"https:\/\/rumovedegustacie.sk\/index.php\/premierska-degustacia\/","name":"Premi\u00e9rska degust\u00e1cia - Rumov\u00e9 degust\u00e1cie","isPartOf":{"@id":"https:\/\/rumovedegustacie.sk\/#website"},"datePublished":"2023-03-25T10:10:58+00:00","dateModified":"2023-03-25T10:13:18+00:00","description":"Rum a degust\u00e1cie patria k ob\u013e\u00faben\u00fdm sp\u00f4sobom tr\u00e1venia vo\u013en\u00e9ho \u010dasu. Prostredn\u00edctvom na\u0161ej str\u00e1nky sa dozviete inform\u00e1cie o rumoch a m\u00e1te mo\u017enos\u0165 nav\u0161t\u00edvi\u0165 rumov\u00fa degust\u00e1ciu na ktorej sa dozviete zauj\u00edmavosti zo sveta rumu.","breadcrumb":{"@id":"https:\/\/rumovedegustacie.sk\/index.php\/premierska-degustacia\/#breadcrumb"},"inLanguage":"sk-SK","potentialAction":[{"@type":"ReadAction","target":["https:\/\/rumovedegustacie.sk\/index.php\/premierska-degustacia\/"]}]},{"@type":"BreadcrumbList","@id":"https:\/\/rumovedegustacie.sk\/index.php\/premierska-degustacia\/#breadcrumb","itemListElement":[{"@type":"ListItem","position":1,"name":"Home","item":"https:\/\/rumovedegustacie.sk\/"},{"@type":"ListItem","position":2,"name":"Premi\u00e9rska degust\u00e1cia"}]},{"@type":"WebSite","@id":"https:\/\/rumovedegustacie.sk\/#website","url":"https:\/\/rumovedegustacie.sk\/","name":"Rumov\u00e9 degust\u00e1cie","description":"V\u00f4\u0148a, chu\u0165 a z\u00e1\u017eitok","potentialAction":[{"@type":"SearchAction","target":{"@type":"EntryPoint","urlTemplate":"https:\/\/rumovedegustacie.sk\/?s={search_term_string}"},"query-input":"required name=search_term_string"}],"inLanguage":"sk-SK"}]}},"_links":{"self":[{"href":"https:\/\/rumovedegustacie.sk\/index.php\/wp-json\/wp\/v2\/pages\/784"}],"collection":[{"href":"https:\/\/rumovedegustacie.sk\/index.php\/wp-json\/wp\/v2\/pages"}],"about":[{"href":"https:\/\/rumovedegustacie.sk\/index.php\/wp-json\/wp\/v2\/types\/page"}],"author":[{"embeddable":true,"href":"https:\/\/rumovedegustacie.sk\/index.php\/wp-json\/wp\/v2\/users\/1"}],"replies":[{"embeddable":true,"href":"https:\/\/rumovedegustacie.sk\/index.php\/wp-json\/wp\/v2\/comments?post=784"}],"version-history":[{"count":4,"href":"https:\/\/rumovedegustacie.sk\/index.php\/wp-json\/wp\/v2\/pages\/784\/revisions"}],"predecessor-version":[{"id":788,"href":"https:\/\/rumovedegustacie.sk\/index.php\/wp-json\/wp\/v2\/pages\/784\/revisions\/788"}],"wp:attachment":[{"href":"https:\/\/rumovedegustacie.sk\/index.php\/wp-json\/wp\/v2\/media?parent=784"}],"curies":[{"name":"wp","href":"https:\/\/api.w.org\/{rel}","templated":true}]}}